{"id":23216,"date":"2022-12-18T21:04:00","date_gmt":"2022-12-18T21:04:00","guid":{"rendered":"https:\/\/psb.wedev.pl\/polityka-zwrotow\/"},"modified":"2023-02-16T10:04:19","modified_gmt":"2023-02-16T10:04:19","slug":"polityka-zwrotow","status":"publish","type":"page","link":"https:\/\/psb.wedev.pl\/pl\/polityka-zwrotow\/","title":{"rendered":"Polityka zwrot\u00f3w"},"content":{"rendered":"\n<p>PSB Mrowce przyjmuje zwroty w ci\u0105gu 30 dni od daty skutecznej dostawy. Produkt musi by\u0107 w oryginalnym stanie. Zwrot pieni\u0119dzy zostanie wydany w ci\u0105gu 3 dni roboczych na konto bankowe lub konto Paypal.<\/p>\n\n<p>Prosimy pami\u0119ta\u0107, \u017ce nie mo\u017cemy zaoferowa\u0107 zwrotu pieni\u0119dzy lub wymiany produkt\u00f3w, kt\u00f3re zosta\u0142y przyci\u0119te na wymiar, wykonane na miar\u0119 lub wymieszane z Twoimi indywidualnymi wymaganiami. Produkty, kt\u00f3re mog\u0105 ulec pogorszeniu lub szybko straci\u0107 wa\u017cno\u015b\u0107, w tym produkty \u0142atwo psuj\u0105ce si\u0119, takie jak ro\u015bliny lub dar\u0144, nie b\u0119d\u0105 wymieniane ani zwracane, chyba \u017ce s\u0105 wadliwe lub nieprawid\u0142owo dostarczone. Twoje prawa konsumenckie nie s\u0105 naruszone.<\/p>\n\n<p><strong>Wadliwe produkty<\/strong><\/p>\n\n<p>Je\u015bli zakupiony przez Ciebie produkt jest wadliwy, mo\u017cesz otrzyma\u0107 propozycj\u0119 naprawy, wymiany lub zwrotu pieni\u0119dzy, zgodnie z Twoimi prawami konsumenckimi.<br\/>Na produkty zakupione w PSB Mrowce mo\u017cna zwr\u00f3ci\u0107 wadliwe produkty w naszym sklepie.<br\/>Przy zwrocie wadliwego produktu potrzebny b\u0119dzie dow\u00f3d zakupu oraz oryginalna metoda p\u0142atno\u015bci w celu rozpatrzenia ewentualnego zwrotu pieni\u0119dzy.<\/p>\n\n<p><strong>Odpowiedzialno\u015b\u0107<\/strong><br\/>Nasza odpowiedzialno\u015b\u0107 wobec Pa\u0144stwa w zwi\u0105zku z jakimikolwiek Towarami zakupionymi za po\u015brednictwem Strony jest \u015bci\u015ble ograniczona do ceny zakupu danego Towaru.<br\/>PSB Mrowce nie ponosi odpowiedzialno\u015bci wobec Klienta na podstawie umowy, prawa zwyczajowego lub w inny spos\u00f3b za nast\u0119puj\u0105ce straty lub szkody, wynikaj\u0105ce z lub w zwi\u0105zku z dostaw\u0105, brakiem dostawy lub op\u00f3\u017anieniem w dostawie Towar\u00f3w lub w inny spos\u00f3b w zwi\u0105zku z Umow\u0105:<br\/>a. utrata dochodu lub przychodu;<br\/>b. straty w dzia\u0142alno\u015bci gospodarczej;<br\/>c. utrat\u0119 zysk\u00f3w lub um\u00f3w;<br\/>d. straty, koszty, szkody, koszty lub wydatki poniesione przez Klienta w wyniku roszcze\u0144 os\u00f3b trzecich;<br\/>e. utrat\u0119 rzeczywistych lub przewidywanych zysk\u00f3w;<br\/>f. utrata mo\u017cliwo\u015bci prowadzenia dzia\u0142alno\u015bci gospodarczej;<br\/>g. utrata przewidywanych oszcz\u0119dno\u015bci;<br\/>h. utrata warto\u015bci firmy;<br\/>i. uszczerbek na reputacji;<br\/>j. straty w produkcji;<br\/>k. utrata udzia\u0142u w kosztach og\u00f3lnych;<br\/>l. marnotrawstwo czasu zarz\u0105du lub biura, niezale\u017cnie od tego, jak ono wygl\u0105da i czy jest spowodowane czynem niedozwolonym (w tym zaniedbaniem), naruszeniem umowy lub w inny spos\u00f3b;<br\/>m. utrat\u0119 \u017cycia;<br\/>n. lub jakiekolwiek po\u015brednie, specjalne lub wynikowe straty lub szkody, niezale\u017cnie od tego, jak zosta\u0142y spowodowane.<br\/>PSB Mrowce nie ponosi odpowiedzialno\u015bci za straty lub op\u00f3\u017anienia wynikaj\u0105ce z okoliczno\u015bci niezale\u017cnych od nas. W przypadku nierozwi\u0105zanego sporu mi\u0119dzy sprzedaj\u0105cym a kupuj\u0105cym, je\u015bli jakie\u015b kwestie nie zosta\u0142y uj\u0119te w polisie, ustala je sprzedaj\u0105cy. Dokonuj\u0105c zakupu w naszym sklepie akceptujesz t\u0119 polityk\u0119.<\/p>\n\n<p>Nie wahaj si\u0119 skontaktowa\u0107 z nami, je\u015bli masz jakiekolwiek pytania<\/p>\n","protected":false},"excerpt":{"rendered":"<p>PSB Mrowce przyjmuje zwroty w ci\u0105gu 30 dni od daty skutecznej dostawy. Produkt musi by\u0107 w oryginalnym stanie. Zwrot pieni\u0119dzy zostanie wydany w ci\u0105gu 3 dni roboczych na konto bankowe lub konto Paypal. Prosimy pami\u0119ta\u0107, \u017ce nie mo\u017cemy zaoferowa\u0107 zwrotu pieni\u0119dzy lub wymiany produkt\u00f3w, kt\u00f3re zosta\u0142y przyci\u0119te na wymiar, wykonane na miar\u0119 lub wymieszane z<a href=\"https:\/\/psb.wedev.pl\/pl\/polityka-zwrotow\/\">Continue reading <span class=\"sr-only\">&#8222;Polityka zwrot\u00f3w&#8221;<\/span><\/a><\/p>\n","protected":false},"author":27,"featured_media":0,"parent":0,"menu_order":0,"comment_status":"closed","ping_status":"closed","template":"","meta":{"_acf_changed":false,"footnotes":""},"class_list":["post-23216","page","type-page","status-publish","hentry"],"acf":[],"yoast_head":"<!-- This site is optimized with the Yoast SEO plugin v25.5 - https:\/\/yoast.com\/wordpress\/plugins\/seo\/ -->\n<title>Polityka zwrot\u00f3w - PSBMr&oacute;wka.co.uk<\/title>\n<meta name=\"robots\" content=\"index, follow, max-snippet:-1, max-image-preview:large, max-video-preview:-1\" \/>\n<link rel=\"canonical\" href=\"https:\/\/psb.wedev.pl\/pl\/polityka-zwrotow\/\" \/>\n<meta property=\"og:locale\" content=\"pl_PL\" \/>\n<meta property=\"og:type\" content=\"article\" \/>\n<meta property=\"og:title\" content=\"Polityka zwrot\u00f3w - PSBMr&oacute;wka.co.uk\" \/>\n<meta property=\"og:description\" content=\"PSB Mrowce przyjmuje zwroty w ci\u0105gu 30 dni od daty skutecznej dostawy. Produkt musi by\u0107 w oryginalnym stanie. Zwrot pieni\u0119dzy zostanie wydany w ci\u0105gu 3 dni roboczych na konto bankowe lub konto Paypal. Prosimy pami\u0119ta\u0107, \u017ce nie mo\u017cemy zaoferowa\u0107 zwrotu pieni\u0119dzy lub wymiany produkt\u00f3w, kt\u00f3re zosta\u0142y przyci\u0119te na wymiar, wykonane na miar\u0119 lub wymieszane zContinue reading &quot;Polityka zwrot\u00f3w&quot;\" \/>\n<meta property=\"og:url\" content=\"https:\/\/psb.wedev.pl\/pl\/polityka-zwrotow\/\" \/>\n<meta property=\"og:site_name\" content=\"PSBMr&oacute;wka.co.uk\" \/>\n<meta property=\"article:modified_time\" content=\"2023-02-16T10:04:19+00:00\" \/>\n<meta name=\"twitter:card\" content=\"summary_large_image\" \/>\n<meta name=\"twitter:label1\" content=\"Szacowany czas czytania\" \/>\n\t<meta name=\"twitter:data1\" content=\"2 minuty\" \/>\n<script type=\"application\/ld+json\" class=\"yoast-schema-graph\">{\"@context\":\"https:\/\/schema.org\",\"@graph\":[{\"@type\":\"WebPage\",\"@id\":\"https:\/\/psb.wedev.pl\/pl\/polityka-zwrotow\/\",\"url\":\"https:\/\/psb.wedev.pl\/pl\/polityka-zwrotow\/\",\"name\":\"Polityka zwrot\u00f3w - PSBMr&oacute;wka.co.uk\",\"isPartOf\":{\"@id\":\"https:\/\/psb.wedev.pl\/pl\/#website\"},\"datePublished\":\"2022-12-18T21:04:00+00:00\",\"dateModified\":\"2023-02-16T10:04:19+00:00\",\"breadcrumb\":{\"@id\":\"https:\/\/psb.wedev.pl\/pl\/polityka-zwrotow\/#breadcrumb\"},\"inLanguage\":\"pl-PL\",\"potentialAction\":[{\"@type\":\"ReadAction\",\"target\":[\"https:\/\/psb.wedev.pl\/pl\/polityka-zwrotow\/\"]}]},{\"@type\":\"BreadcrumbList\",\"@id\":\"https:\/\/psb.wedev.pl\/pl\/polityka-zwrotow\/#breadcrumb\",\"itemListElement\":[{\"@type\":\"ListItem\",\"position\":1,\"name\":\"Home\",\"item\":\"https:\/\/psb.wedev.pl\/pl\/\"},{\"@type\":\"ListItem\",\"position\":2,\"name\":\"Polityka zwrot\u00f3w\"}]},{\"@type\":\"WebSite\",\"@id\":\"https:\/\/psb.wedev.pl\/pl\/#website\",\"url\":\"https:\/\/psb.wedev.pl\/pl\/\",\"name\":\"PSBMr&oacute;wka.co.uk\",\"description\":\"Whatever you need for building, renovation and your garden, we've got it!!\",\"publisher\":{\"@id\":\"https:\/\/psb.wedev.pl\/pl\/#organization\"},\"potentialAction\":[{\"@type\":\"SearchAction\",\"target\":{\"@type\":\"EntryPoint\",\"urlTemplate\":\"https:\/\/psb.wedev.pl\/pl\/?s={search_term_string}\"},\"query-input\":{\"@type\":\"PropertyValueSpecification\",\"valueRequired\":true,\"valueName\":\"search_term_string\"}}],\"inLanguage\":\"pl-PL\"},{\"@type\":\"Organization\",\"@id\":\"https:\/\/psb.wedev.pl\/pl\/#organization\",\"name\":\"PSBMr&oacute;wka.co.uk\",\"url\":\"https:\/\/psb.wedev.pl\/pl\/\",\"logo\":{\"@type\":\"ImageObject\",\"inLanguage\":\"pl-PL\",\"@id\":\"https:\/\/psb.wedev.pl\/pl\/#\/schema\/logo\/image\/\",\"url\":\"https:\/\/psb.wedev.pl\/wp-content\/uploads\/2022\/12\/PSBMrowka-Logo.webp\",\"contentUrl\":\"https:\/\/psb.wedev.pl\/wp-content\/uploads\/2022\/12\/PSBMrowka-Logo.webp\",\"width\":306,\"height\":654,\"caption\":\"PSBMr&oacute;wka.co.uk\"},\"image\":{\"@id\":\"https:\/\/psb.wedev.pl\/pl\/#\/schema\/logo\/image\/\"}}]}<\/script>\n<!-- \/ Yoast SEO plugin. -->","yoast_head_json":{"title":"Polityka zwrot\u00f3w - PSBMr&oacute;wka.co.uk","robots":{"index":"index","follow":"follow","max-snippet":"max-snippet:-1","max-image-preview":"max-image-preview:large","max-video-preview":"max-video-preview:-1"},"canonical":"https:\/\/psb.wedev.pl\/pl\/polityka-zwrotow\/","og_locale":"pl_PL","og_type":"article","og_title":"Polityka zwrot\u00f3w - PSBMr&oacute;wka.co.uk","og_description":"PSB Mrowce przyjmuje zwroty w ci\u0105gu 30 dni od daty skutecznej dostawy. Produkt musi by\u0107 w oryginalnym stanie. Zwrot pieni\u0119dzy zostanie wydany w ci\u0105gu 3 dni roboczych na konto bankowe lub konto Paypal. Prosimy pami\u0119ta\u0107, \u017ce nie mo\u017cemy zaoferowa\u0107 zwrotu pieni\u0119dzy lub wymiany produkt\u00f3w, kt\u00f3re zosta\u0142y przyci\u0119te na wymiar, wykonane na miar\u0119 lub wymieszane zContinue reading \"Polityka zwrot\u00f3w\"","og_url":"https:\/\/psb.wedev.pl\/pl\/polityka-zwrotow\/","og_site_name":"PSBMr&oacute;wka.co.uk","article_modified_time":"2023-02-16T10:04:19+00:00","twitter_card":"summary_large_image","twitter_misc":{"Szacowany czas czytania":"2 minuty"},"schema":{"@context":"https:\/\/schema.org","@graph":[{"@type":"WebPage","@id":"https:\/\/psb.wedev.pl\/pl\/polityka-zwrotow\/","url":"https:\/\/psb.wedev.pl\/pl\/polityka-zwrotow\/","name":"Polityka zwrot\u00f3w - PSBMr&oacute;wka.co.uk","isPartOf":{"@id":"https:\/\/psb.wedev.pl\/pl\/#website"},"datePublished":"2022-12-18T21:04:00+00:00","dateModified":"2023-02-16T10:04:19+00:00","breadcrumb":{"@id":"https:\/\/psb.wedev.pl\/pl\/polityka-zwrotow\/#breadcrumb"},"inLanguage":"pl-PL","potentialAction":[{"@type":"ReadAction","target":["https:\/\/psb.wedev.pl\/pl\/polityka-zwrotow\/"]}]},{"@type":"BreadcrumbList","@id":"https:\/\/psb.wedev.pl\/pl\/polityka-zwrotow\/#breadcrumb","itemListElement":[{"@type":"ListItem","position":1,"name":"Home","item":"https:\/\/psb.wedev.pl\/pl\/"},{"@type":"ListItem","position":2,"name":"Polityka zwrot\u00f3w"}]},{"@type":"WebSite","@id":"https:\/\/psb.wedev.pl\/pl\/#website","url":"https:\/\/psb.wedev.pl\/pl\/","name":"PSBMr&oacute;wka.co.uk","description":"Whatever you need for building, renovation and your garden, we've got it!!","publisher":{"@id":"https:\/\/psb.wedev.pl\/pl\/#organization"},"potentialAction":[{"@type":"SearchAction","target":{"@type":"EntryPoint","urlTemplate":"https:\/\/psb.wedev.pl\/pl\/?s={search_term_string}"},"query-input":{"@type":"PropertyValueSpecification","valueRequired":true,"valueName":"search_term_string"}}],"inLanguage":"pl-PL"},{"@type":"Organization","@id":"https:\/\/psb.wedev.pl\/pl\/#organization","name":"PSBMr&oacute;wka.co.uk","url":"https:\/\/psb.wedev.pl\/pl\/","logo":{"@type":"ImageObject","inLanguage":"pl-PL","@id":"https:\/\/psb.wedev.pl\/pl\/#\/schema\/logo\/image\/","url":"https:\/\/psb.wedev.pl\/wp-content\/uploads\/2022\/12\/PSBMrowka-Logo.webp","contentUrl":"https:\/\/psb.wedev.pl\/wp-content\/uploads\/2022\/12\/PSBMrowka-Logo.webp","width":306,"height":654,"caption":"PSBMr&oacute;wka.co.uk"},"image":{"@id":"https:\/\/psb.wedev.pl\/pl\/#\/schema\/logo\/image\/"}}]}},"_links":{"self":[{"href":"https:\/\/psb.wedev.pl\/pl\/wp-json\/wp\/v2\/pages\/23216","targetHints":{"allow":["GET"]}}],"collection":[{"href":"https:\/\/psb.wedev.pl\/pl\/wp-json\/wp\/v2\/pages"}],"about":[{"href":"https:\/\/psb.wedev.pl\/pl\/wp-json\/wp\/v2\/types\/page"}],"author":[{"embeddable":true,"href":"https:\/\/psb.wedev.pl\/pl\/wp-json\/wp\/v2\/users\/27"}],"replies":[{"embeddable":true,"href":"https:\/\/psb.wedev.pl\/pl\/wp-json\/wp\/v2\/comments?post=23216"}],"version-history":[{"count":2,"href":"https:\/\/psb.wedev.pl\/pl\/wp-json\/wp\/v2\/pages\/23216\/revisions"}],"predecessor-version":[{"id":23218,"href":"https:\/\/psb.wedev.pl\/pl\/wp-json\/wp\/v2\/pages\/23216\/revisions\/23218"}],"wp:attachment":[{"href":"https:\/\/psb.wedev.pl\/pl\/wp-json\/wp\/v2\/media?parent=23216"}],"curies":[{"name":"wp","href":"https:\/\/api.w.org\/{rel}","templated":true}]}}