{"id":23227,"date":"2022-12-18T20:54:49","date_gmt":"2022-12-18T20:54:49","guid":{"rendered":"https:\/\/psb.wedev.pl\/dostawa\/"},"modified":"2023-02-16T10:04:25","modified_gmt":"2023-02-16T10:04:25","slug":"dostawa","status":"publish","type":"page","link":"https:\/\/psb.wedev.pl\/pl\/dostawa\/","title":{"rendered":"Dostawa"},"content":{"rendered":"\n<p>Wi\u0119kszo\u015b\u0107 naszych produkt\u00f3w zostanie dostarczona do Twoich drzwi wej\u015bciowych. Obejmujemy zasi\u0119giem kontynentaln\u0105 cz\u0119\u015b\u0107 Wielkiej Brytanii, granice Szkocji i Irlandii P\u00f3\u0142nocnej, ale tylko w przypadku dostaw ma\u0142ych przedmiot\u00f3w lub zam\u00f3wie\u0144 masowych wymagaj\u0105cych palet.<br\/>Niekt\u00f3re przedmioty s\u0105 dostarczane do kraw\u0119\u017cnika (ulica przed domem) lub do wybranego przez Ciebie pomieszczenia na parterze. Je\u015bli tak jest, powiniene\u015b zosta\u0107 o tym poinformowany w powiadomieniu e-mailowym o dostawie przed dat\u0105 dostawy. Nie ma mo\u017cliwo\u015bci zmiany tego stanu rzeczy.<br\/>Ocena ryzyka zostanie przeprowadzona w momencie dostawy i je\u015bli ekipa dostawcza b\u0119dzie czu\u0142a si\u0119 bezpiecznie, a tak\u017ce je\u015bli powinno to by\u0107 pomieszczenie dostawy wyboru, to tak zrobi\u0105.<br\/>Kto\u015b b\u0119dzie musia\u0142 by\u0107 w domu (i mie\u0107 uko\u0144czone 18 lat), aby przyj\u0105\u0107 przesy\u0142k\u0119.<br\/>Je\u015bli nie b\u0119dzie Ci\u0119 w domu, gdy b\u0119dziemy pr\u00f3bowali dostarczy\u0107 przesy\u0142k\u0119, zostawimy Ci kartk\u0119 informuj\u0105c\u0105 o tym, jak prze\u0142o\u017cy\u0107 dostaw\u0119 na inny termin.<\/p>\n\n<p>Zalecamy, aby nie rezerwowa\u0107 monter\u00f3w lub handlowc\u00f3w do czasu dostarczenia i sprawdzenia zam\u00f3wienia. Nie ponosimy odpowiedzialno\u015bci za jakiekolwiek koszty lub op\u0142aty os\u00f3b trzecich, kt\u00f3re ponosisz z powodu niedostarczenia zam\u00f3wienia lub zam\u00f3wie\u0144, kt\u00f3re nie zosta\u0142y sprawdzone w momencie dostawy.<\/p>\n\n<p>Po dodaniu produkt\u00f3w do koszyka wybierana jest forma dostawy.<br\/>Dost\u0119pno\u015b\u0107 poszczeg\u00f3lnych form dostawy zale\u017cy od wyboru towaru.<br\/>W sklepie <a rel=\"noreferrer noopener\" href=\"https:\/\/psb.wedev.pl\/\" target=\"_blank\">psbmrowka.pl<\/a> dost\u0119pne s\u0105 nast\u0119puj\u0105ce formy dostawy:<br\/>&#8211; Kolekcja<br\/>&#8211; Dostawa kurierem<br\/>&#8211; Dostawa na palecie<br\/>&#8211; PSB Mrowce Dostawy Vanem &#8211; cena zale\u017cy od odleg\u0142o\u015bci<br\/><br\/>2. Jak sprawdzi\u0107 jakie opcje dostawy s\u0105 dost\u0119pne dla danego produktu?<br\/>Opcje dostawy s\u0105 widoczne w koszyku po klikni\u0119ciu przycisku<br\/>&#8222;Wybierz spos\u00f3b dostawy&#8221;.<br\/><br\/>3. Wi\u0119kszo\u015b\u0107 naszych produkt\u00f3w zostanie dostarczona do Twoich drzwi wej\u015bciowych. Realizujemy dostawy na terenie Wielkiej Brytanii, Szkocji i Irlandii P\u00f3\u0142nocnej.<br\/><br\/>4. Kto\u015b b\u0119dzie musia\u0142 by\u0107 obecny w dniu dostawy, aby przyj\u0105\u0107 produkt i sprawdzi\u0107 go. Je\u015bli nie ma Ci\u0119 w domu, gdy pr\u00f3bujemy dostarczy\u0107 przesy\u0142k\u0119, zostawimy Ci notatk\u0119 informuj\u0105c\u0105, jak prze\u0142o\u017cy\u0107 dostaw\u0119. Zdecydowanie zalecamy, aby nie rezerwowa\u0107 wykonawc\u00f3w ani nie planowa\u0107 prac budowlanych, dop\u00f3ki zam\u00f3wienie nie zostanie dostarczone i sprawdzone przez Pa\u0144stwa.<br\/><br\/>5.Zam\u00f3wienie wi\u0119cej ni\u017c jednej pozycji<br\/>Je\u015bli zamawiasz wi\u0119cej ni\u017c jeden przedmiot, pami\u0119taj, \u017ce przedmioty mog\u0105 nie zosta\u0107 dostarczone razem. Sprawd\u017a szczeg\u00f3\u0142y podane przy kasie.<br\/>W przypadku zamawiania wielu przedmiot\u00f3w nale\u017cy pami\u0119ta\u0107, \u017ce mog\u0105 one zosta\u0107 zgrupowane w celu realizacji jednej dostawy. Termin dostawy b\u0119dzie oparty na produkcie z najd\u0142u\u017cszym podanym terminem.<br\/>Je\u015bli zam\u00f3wienie zawiera pozycje z du\u017c\u0105 dostaw\u0105, jak r\u00f3wnie\u017c pozycje z dostaw\u0105 standardow\u0105, zostanie naliczona op\u0142ata za du\u017c\u0105 dostaw\u0119. Je\u015bli Twoje zam\u00f3wienie zawiera elementy dostawy zbiorczej, jak r\u00f3wnie\u017c standardowe i\/lub du\u017ce elementy dostawy, zostaniesz obci\u0105\u017cony kosztami dostawy zbiorczej. Twoje zam\u00f3wienie b\u0119dzie mia\u0142o tylko jeden koszt dostawy.<\/p>\n\n<ol class=\"wp-block-list\">\n<li>Termin dostawy zostanie okre\u015blony na podstawie produktu o najd\u0142u\u017cszym czasie dostawy.<\/li>\n\n\n\n<li>Je\u015bli zam\u00f3wienie zawiera przedmioty, kt\u00f3re wymagaj\u0105 dostawy na Palecie lub Furgonetce oraz przedmioty z dostaw\u0105 standardow\u0105, zostanie zastosowana du\u017ca op\u0142ata za dostaw\u0119.<br\/>Je\u015bli zam\u00f3wienie zawiera elementy dostawy zbiorczej oraz standardowe i\/lub du\u017ce elementy dostawy, zostanie naliczona op\u0142ata za dostaw\u0119 zbiorcz\u0105. Twoje zam\u00f3wienie b\u0119dzie mia\u0142o tylko jeden koszt dostawy.<\/li>\n\n\n\n<li>Koszty dostawy:<br\/>W przypadku zam\u00f3wie\u0144 wymagaj\u0105cych dostawy naszym Vanem, takich jak p\u0142yty gipsowe lub OSB, nasze op\u0142aty b\u0119d\u0105 stosowane w nast\u0119puj\u0105cy spos\u00f3b:<br\/>&#8211; 0 &#8211; 10 mil \u00a315<br\/>&#8211; 10 &#8211; 20 mil \u00a330<br\/>&#8211; 20 &#8211; 35 mil \u00a340<br\/>&#8211; 35 &#8211; 50 mil \u00a365<br\/>&#8211; 50 mil na specjalne zam\u00f3wienie<br\/>Zam\u00f3wienia do 35 mil s\u0105 dostarczane w ci\u0105gu 3 dni roboczych, powy\u017cej 35 mil minimalna warto\u015b\u0107 zam\u00f3wienia wynosi 150 funt\u00f3w, dostawa nast\u0119puje w ci\u0105gu 6 dni roboczych.<\/li>\n<\/ol>\n\n<p>Dla ma\u0142ych lub \u015brednich przedmiot\u00f3w do 30 kg koszty dostawy wynosz\u0105:<br\/>&#8211; Dostawa standardowa 3 &#8211; 5 dni do 2kg \u00a34.49<br\/>&#8211; Dostawa standardowa 3 &#8211; 5 dni do 15kg \u00a36.49<br\/>&#8211; Ekspresowa dostawa 1 &#8211; 2 dni do 30kg \u00a37.99<br\/>W przypadku dostaw wymagaj\u0105cych palety, obowi\u0105zuje op\u0142ata zgodna z kodem pocztowym odbiorcy.\u015aredni koszt waha si\u0119 od \u00a350 do \u00a395 przy u\u017cyciu normalnej palety i do \u00a3195 przy u\u017cyciu palety ponadwymiarowej (1,2m -2,4m).<\/p>\n\n<ol class=\"wp-block-list\">\n<li>Postanowienia dodatkowe:<br\/>&#8211; Prosimy o zapoznanie si\u0119 z naszym Regulaminem przed zakupem jakichkolwiek produkt\u00f3w w naszym sklepie oraz przed wyborem firmy PSB Transport jako dostawcy produkt\u00f3w. Kupuj\u0105c nasze produkty, zgadzasz si\u0119 na akceptacj\u0119 regulaminu naszego sklepu. Staramy si\u0119 realizowa\u0107 zam\u00f3wienia jak najszybciej, a po otrzymaniu zam\u00f3wienia skontaktujemy si\u0119 z Tob\u0105, aby ustali\u0107 dogodny dzie\u0144 i godzin\u0119 dostawy.<br\/>&#8211; Nasza firma ma siedzib\u0119 w Wielkiej Brytanii, co oznacza, \u017ce brytyjskie \u015bwi\u0119ta bankowe mog\u0105 wp\u0142yn\u0105\u0107 na czas dostawy.<br\/>&#8211; Nasz dzia\u0142 obs\u0142ugi klienta pracuje od poniedzia\u0142ku do pi\u0105tku od 9.00 do 16.00, a wszystkie wiadomo\u015bci, zapytania i anulacje dokonane po godzinie 16.00 zostan\u0105 przetworzone nast\u0119pnego dnia roboczego.<br\/>&#8211; Przy sk\u0142adaniu zam\u00f3wienia z dostaw\u0105 prosimy o upewnienie si\u0119, \u017ce wpisali Pa\u0144stwo poni\u017cszy prawid\u0142owy adres dostawy oraz pozostawili numer telefonu do kontaktu.<br\/>&#8211; Klient jest odpowiedzialny za podanie prawid\u0142owego adresu do faktury i adresu dostawy.<br\/>&#8211; Klient jest odpowiedzialny za bycie dost\u0119pnym w czasie dostawy, aby odebra\u0107 przesy\u0142k\u0119.<br\/>&#8211; Je\u015bli poprosi\u0142e\u015b o pozostawienie towaru w bezpiecznym miejscu, nie ponosimy odpowiedzialno\u015bci, je\u015bli co\u015b si\u0119 z nim stanie lub je\u015bli zostanie skradziony. Je\u015bli nasz kurier zarejestruje przesy\u0142k\u0119 jako dostarczon\u0105, a jej nie ma, nale\u017cy za\u0142o\u017cy\u0107, \u017ce zosta\u0142a ona skradziona. W takich przypadkach udzielimy Ci wszelkiej mo\u017cliwej pomocy, ale to do Ciebie nale\u017cy kontakt z Policj\u0105.<br\/>&#8211; Je\u015bli pod adresem dostawy nie ma \u017cadnej osoby, jeste\u015b odpowiedzialny za odbi\u00f3r paczki z naszego lokalnego sklepu.<br\/>&#8211; Nie ponosimy odpowiedzialno\u015bci za kl\u0119ski \u017cywio\u0142owe, ekstremalne warunki, kt\u00f3re powoduj\u0105 op\u00f3\u017anienie w dostawie Twojej paczki.<br\/>&#8211; Dostawy powy\u017cej 50 mil od naszej lokalizacji b\u0119d\u0105 trwa\u0142y d\u0142u\u017cej i b\u0119d\u0105 kosztowa\u0142y wi\u0119cej.<br\/>&#8211; W przypadku nierozwi\u0105zanego sporu mi\u0119dzy sprzedaj\u0105cym a kupuj\u0105cym, je\u015bli jakie\u015b kwestie nie zosta\u0142y uj\u0119te w polisie, ustala je sprzedaj\u0105cy.<br\/>&#8211; Zam\u00f3wienia mo\u017cna anulowa\u0107 tylko przed wysy\u0142k\u0105 towaru, powiadamiaj\u0105c o tym sprzedawc\u0119 pisemnie lub telefonicznie. Po wys\u0142aniu, produkt mo\u017ce by\u0107 zwr\u00f3cony przez klienta, a firma zwr\u00f3ci tylko pieni\u0105dze za produkt. Op\u0142ata za dostaw\u0119 nie podlega zwrotowi.<br\/>&#8211; je\u015bli niedostarczony przedmiot zostanie zwr\u00f3cony lub odrzucony w momencie dostawy, zastrzegamy sobie prawo do naliczenia pe\u0142nych op\u0142at za wysy\u0142k\u0119 produkt\u00f3w w obie strony.<br\/>&#8211; Nale\u017cy pami\u0119ta\u0107, \u017ce roz\u0142adunek nie jest cz\u0119\u015bci\u0105 dostawy, kierowca nie roz\u0142adowuje towaru.<br\/>&#8211; Dokonuj\u0105c zakupu w naszym sklepie akceptujesz t\u0119 polityk\u0119.<br\/>Nie wahaj si\u0119 skontaktowa\u0107 z nami, je\u015bli masz jakiekolwiek pytania<\/li>\n<\/ol>\n","protected":false},"excerpt":{"rendered":"<p>Wi\u0119kszo\u015b\u0107 naszych produkt\u00f3w zostanie dostarczona do Twoich drzwi wej\u015bciowych. Obejmujemy zasi\u0119giem kontynentaln\u0105 cz\u0119\u015b\u0107 Wielkiej Brytanii, granice Szkocji i Irlandii P\u00f3\u0142nocnej, ale tylko w przypadku dostaw ma\u0142ych przedmiot\u00f3w lub zam\u00f3wie\u0144 masowych wymagaj\u0105cych palet.Niekt\u00f3re przedmioty s\u0105 dostarczane do kraw\u0119\u017cnika (ulica przed domem) lub do wybranego przez Ciebie pomieszczenia na parterze. Je\u015bli tak jest, powiniene\u015b zosta\u0107 o tym<a href=\"https:\/\/psb.wedev.pl\/pl\/dostawa\/\">Continue reading <span class=\"sr-only\">&#8222;Dostawa&#8221;<\/span><\/a><\/p>\n","protected":false},"author":27,"featured_media":0,"parent":0,"menu_order":0,"comment_status":"closed","ping_status":"closed","template":"","meta":{"_acf_changed":false,"footnotes":""},"class_list":["post-23227","page","type-page","status-publish","hentry"],"acf":[],"yoast_head":"<!-- This site is optimized with the Yoast SEO plugin v25.5 - https:\/\/yoast.com\/wordpress\/plugins\/seo\/ -->\n<title>Dostawa - PSBMr&oacute;wka.co.uk<\/title>\n<meta name=\"robots\" content=\"index, follow, max-snippet:-1, max-image-preview:large, max-video-preview:-1\" \/>\n<link rel=\"canonical\" href=\"https:\/\/psb.wedev.pl\/pl\/dostawa\/\" \/>\n<meta property=\"og:locale\" content=\"pl_PL\" \/>\n<meta property=\"og:type\" content=\"article\" \/>\n<meta property=\"og:title\" content=\"Dostawa - PSBMr&oacute;wka.co.uk\" \/>\n<meta property=\"og:description\" content=\"Wi\u0119kszo\u015b\u0107 naszych produkt\u00f3w zostanie dostarczona do Twoich drzwi wej\u015bciowych. Obejmujemy zasi\u0119giem kontynentaln\u0105 cz\u0119\u015b\u0107 Wielkiej Brytanii, granice Szkocji i Irlandii P\u00f3\u0142nocnej, ale tylko w przypadku dostaw ma\u0142ych przedmiot\u00f3w lub zam\u00f3wie\u0144 masowych wymagaj\u0105cych palet.Niekt\u00f3re przedmioty s\u0105 dostarczane do kraw\u0119\u017cnika (ulica przed domem) lub do wybranego przez Ciebie pomieszczenia na parterze. Je\u015bli tak jest, powiniene\u015b zosta\u0107 o tymContinue reading &quot;Dostawa&quot;\" \/>\n<meta property=\"og:url\" content=\"https:\/\/psb.wedev.pl\/pl\/dostawa\/\" \/>\n<meta property=\"og:site_name\" content=\"PSBMr&oacute;wka.co.uk\" \/>\n<meta property=\"article:modified_time\" content=\"2023-02-16T10:04:25+00:00\" \/>\n<meta name=\"twitter:card\" content=\"summary_large_image\" \/>\n<meta name=\"twitter:label1\" content=\"Szacowany czas czytania\" \/>\n\t<meta name=\"twitter:data1\" content=\"6 minut\" \/>\n<script type=\"application\/ld+json\" class=\"yoast-schema-graph\">{\"@context\":\"https:\/\/schema.org\",\"@graph\":[{\"@type\":\"WebPage\",\"@id\":\"https:\/\/psb.wedev.pl\/pl\/dostawa\/\",\"url\":\"https:\/\/psb.wedev.pl\/pl\/dostawa\/\",\"name\":\"Dostawa - PSBMr&oacute;wka.co.uk\",\"isPartOf\":{\"@id\":\"https:\/\/psb.wedev.pl\/pl\/#website\"},\"datePublished\":\"2022-12-18T20:54:49+00:00\",\"dateModified\":\"2023-02-16T10:04:25+00:00\",\"breadcrumb\":{\"@id\":\"https:\/\/psb.wedev.pl\/pl\/dostawa\/#breadcrumb\"},\"inLanguage\":\"pl-PL\",\"potentialAction\":[{\"@type\":\"ReadAction\",\"target\":[\"https:\/\/psb.wedev.pl\/pl\/dostawa\/\"]}]},{\"@type\":\"BreadcrumbList\",\"@id\":\"https:\/\/psb.wedev.pl\/pl\/dostawa\/#breadcrumb\",\"itemListElement\":[{\"@type\":\"ListItem\",\"position\":1,\"name\":\"Home\",\"item\":\"https:\/\/psb.wedev.pl\/pl\/\"},{\"@type\":\"ListItem\",\"position\":2,\"name\":\"Dostawa\"}]},{\"@type\":\"WebSite\",\"@id\":\"https:\/\/psb.wedev.pl\/pl\/#website\",\"url\":\"https:\/\/psb.wedev.pl\/pl\/\",\"name\":\"PSBMr&oacute;wka.co.uk\",\"description\":\"Whatever you need for building, renovation and your garden, we've got it!!\",\"publisher\":{\"@id\":\"https:\/\/psb.wedev.pl\/pl\/#organization\"},\"potentialAction\":[{\"@type\":\"SearchAction\",\"target\":{\"@type\":\"EntryPoint\",\"urlTemplate\":\"https:\/\/psb.wedev.pl\/pl\/?s={search_term_string}\"},\"query-input\":{\"@type\":\"PropertyValueSpecification\",\"valueRequired\":true,\"valueName\":\"search_term_string\"}}],\"inLanguage\":\"pl-PL\"},{\"@type\":\"Organization\",\"@id\":\"https:\/\/psb.wedev.pl\/pl\/#organization\",\"name\":\"PSBMr&oacute;wka.co.uk\",\"url\":\"https:\/\/psb.wedev.pl\/pl\/\",\"logo\":{\"@type\":\"ImageObject\",\"inLanguage\":\"pl-PL\",\"@id\":\"https:\/\/psb.wedev.pl\/pl\/#\/schema\/logo\/image\/\",\"url\":\"https:\/\/psb.wedev.pl\/wp-content\/uploads\/2022\/12\/PSBMrowka-Logo.webp\",\"contentUrl\":\"https:\/\/psb.wedev.pl\/wp-content\/uploads\/2022\/12\/PSBMrowka-Logo.webp\",\"width\":306,\"height\":654,\"caption\":\"PSBMr&oacute;wka.co.uk\"},\"image\":{\"@id\":\"https:\/\/psb.wedev.pl\/pl\/#\/schema\/logo\/image\/\"}}]}<\/script>\n<!-- \/ Yoast SEO plugin. -->","yoast_head_json":{"title":"Dostawa - PSBMr&oacute;wka.co.uk","robots":{"index":"index","follow":"follow","max-snippet":"max-snippet:-1","max-image-preview":"max-image-preview:large","max-video-preview":"max-video-preview:-1"},"canonical":"https:\/\/psb.wedev.pl\/pl\/dostawa\/","og_locale":"pl_PL","og_type":"article","og_title":"Dostawa - PSBMr&oacute;wka.co.uk","og_description":"Wi\u0119kszo\u015b\u0107 naszych produkt\u00f3w zostanie dostarczona do Twoich drzwi wej\u015bciowych. Obejmujemy zasi\u0119giem kontynentaln\u0105 cz\u0119\u015b\u0107 Wielkiej Brytanii, granice Szkocji i Irlandii P\u00f3\u0142nocnej, ale tylko w przypadku dostaw ma\u0142ych przedmiot\u00f3w lub zam\u00f3wie\u0144 masowych wymagaj\u0105cych palet.Niekt\u00f3re przedmioty s\u0105 dostarczane do kraw\u0119\u017cnika (ulica przed domem) lub do wybranego przez Ciebie pomieszczenia na parterze. Je\u015bli tak jest, powiniene\u015b zosta\u0107 o tymContinue reading \"Dostawa\"","og_url":"https:\/\/psb.wedev.pl\/pl\/dostawa\/","og_site_name":"PSBMr&oacute;wka.co.uk","article_modified_time":"2023-02-16T10:04:25+00:00","twitter_card":"summary_large_image","twitter_misc":{"Szacowany czas czytania":"6 minut"},"schema":{"@context":"https:\/\/schema.org","@graph":[{"@type":"WebPage","@id":"https:\/\/psb.wedev.pl\/pl\/dostawa\/","url":"https:\/\/psb.wedev.pl\/pl\/dostawa\/","name":"Dostawa - PSBMr&oacute;wka.co.uk","isPartOf":{"@id":"https:\/\/psb.wedev.pl\/pl\/#website"},"datePublished":"2022-12-18T20:54:49+00:00","dateModified":"2023-02-16T10:04:25+00:00","breadcrumb":{"@id":"https:\/\/psb.wedev.pl\/pl\/dostawa\/#breadcrumb"},"inLanguage":"pl-PL","potentialAction":[{"@type":"ReadAction","target":["https:\/\/psb.wedev.pl\/pl\/dostawa\/"]}]},{"@type":"BreadcrumbList","@id":"https:\/\/psb.wedev.pl\/pl\/dostawa\/#breadcrumb","itemListElement":[{"@type":"ListItem","position":1,"name":"Home","item":"https:\/\/psb.wedev.pl\/pl\/"},{"@type":"ListItem","position":2,"name":"Dostawa"}]},{"@type":"WebSite","@id":"https:\/\/psb.wedev.pl\/pl\/#website","url":"https:\/\/psb.wedev.pl\/pl\/","name":"PSBMr&oacute;wka.co.uk","description":"Whatever you need for building, renovation and your garden, we've got it!!","publisher":{"@id":"https:\/\/psb.wedev.pl\/pl\/#organization"},"potentialAction":[{"@type":"SearchAction","target":{"@type":"EntryPoint","urlTemplate":"https:\/\/psb.wedev.pl\/pl\/?s={search_term_string}"},"query-input":{"@type":"PropertyValueSpecification","valueRequired":true,"valueName":"search_term_string"}}],"inLanguage":"pl-PL"},{"@type":"Organization","@id":"https:\/\/psb.wedev.pl\/pl\/#organization","name":"PSBMr&oacute;wka.co.uk","url":"https:\/\/psb.wedev.pl\/pl\/","logo":{"@type":"ImageObject","inLanguage":"pl-PL","@id":"https:\/\/psb.wedev.pl\/pl\/#\/schema\/logo\/image\/","url":"https:\/\/psb.wedev.pl\/wp-content\/uploads\/2022\/12\/PSBMrowka-Logo.webp","contentUrl":"https:\/\/psb.wedev.pl\/wp-content\/uploads\/2022\/12\/PSBMrowka-Logo.webp","width":306,"height":654,"caption":"PSBMr&oacute;wka.co.uk"},"image":{"@id":"https:\/\/psb.wedev.pl\/pl\/#\/schema\/logo\/image\/"}}]}},"_links":{"self":[{"href":"https:\/\/psb.wedev.pl\/pl\/wp-json\/wp\/v2\/pages\/23227","targetHints":{"allow":["GET"]}}],"collection":[{"href":"https:\/\/psb.wedev.pl\/pl\/wp-json\/wp\/v2\/pages"}],"about":[{"href":"https:\/\/psb.wedev.pl\/pl\/wp-json\/wp\/v2\/types\/page"}],"author":[{"embeddable":true,"href":"https:\/\/psb.wedev.pl\/pl\/wp-json\/wp\/v2\/users\/27"}],"replies":[{"embeddable":true,"href":"https:\/\/psb.wedev.pl\/pl\/wp-json\/wp\/v2\/comments?post=23227"}],"version-history":[{"count":2,"href":"https:\/\/psb.wedev.pl\/pl\/wp-json\/wp\/v2\/pages\/23227\/revisions"}],"predecessor-version":[{"id":23229,"href":"https:\/\/psb.wedev.pl\/pl\/wp-json\/wp\/v2\/pages\/23227\/revisions\/23229"}],"wp:attachment":[{"href":"https:\/\/psb.wedev.pl\/pl\/wp-json\/wp\/v2\/media?parent=23227"}],"curies":[{"name":"wp","href":"https:\/\/api.w.org\/{rel}","templated":true}]}}