{"id":23232,"date":"2023-01-04T18:06:06","date_gmt":"2023-01-04T18:06:06","guid":{"rendered":"https:\/\/psb.wedev.pl\/platnosci\/"},"modified":"2023-02-16T10:04:27","modified_gmt":"2023-02-16T10:04:27","slug":"platnosci","status":"publish","type":"page","link":"https:\/\/psb.wedev.pl\/pl\/platnosci\/","title":{"rendered":"P\u0142atno\u015bci"},"content":{"rendered":"\n<p>Akceptujemy nast\u0119puj\u0105ce formy p\u0142atno\u015bci: got\u00f3wka (w naszej marce) , p\u0142atno\u015b\u0107 kart\u0105, przelew bankowy, p\u0142atno\u015b\u0107 Pay Pal; klarna. U\u017cytkownik zobowi\u0105zuje si\u0119 do podawania aktualnych, pe\u0142nych i dok\u0142adnych informacji o zakupie i koncie w przypadku wszystkich zakup\u00f3w dokonywanych za po\u015brednictwem Strony. U\u017cytkownik zobowi\u0105zuje si\u0119 r\u00f3wnie\u017c do niezw\u0142ocznego aktualizowania informacji dotycz\u0105cych konta i p\u0142atno\u015bci, w tym adresu e-mail, metody p\u0142atno\u015bci i daty wa\u017cno\u015bci karty p\u0142atniczej, aby\u015bmy mogli zrealizowa\u0107 transakcje i skontaktowa\u0107 si\u0119 z u\u017cytkownikiem w razie potrzeby. Podatek od sprzeda\u017cy zostanie doliczony do ceny zakup\u00f3w, je\u015bli uznamy to za wymagane przez nas. W ka\u017cdej chwili mo\u017cemy zmieni\u0107 ceny. Wszystkie p\u0142atno\u015bci dokonywane s\u0105 w GBP.<\/p>\n\n<p>U\u017cytkownik zgadza si\u0119 na uiszczenie wszystkich op\u0142at po cenach obowi\u0105zuj\u0105cych w danym momencie dla zakup\u00f3w i wszelkich op\u0142at za przesy\u0142k\u0119, a tak\u017ce upowa\u017cnia nas do obci\u0105\u017cenia wybranego przez siebie dostawcy p\u0142atno\u015bci wszelkimi takimi kwotami po z\u0142o\u017ceniu zam\u00f3wienia.<\/p>\n\n<p>Zastrzegamy sobie prawo do poprawiania wszelkich b\u0142\u0119d\u00f3w lub pomy\u0142ek w wycenach, nawet je\u015bli ju\u017c za\u017c\u0105dali\u015bmy lub otrzymali\u015bmy zap\u0142at\u0119.<\/p>\n\n<p>Zastrzegamy sobie prawo do odrzucenia ka\u017cdego zam\u00f3wienia z\u0142o\u017conego za po\u015brednictwem Strony. Mo\u017cemy, wed\u0142ug w\u0142asnego uznania, ograniczy\u0107 lub anulowa\u0107 ilo\u015bci zakupione na osob\u0119, na gospodarstwo domowe lub na zam\u00f3wienie. Ograniczenia te mog\u0105 obejmowa\u0107 zam\u00f3wienia z\u0142o\u017cone przez lub w ramach tego samego konta klienta, tej samej metody p\u0142atno\u015bci i\/lub zam\u00f3wie\u0144, kt\u00f3re u\u017cywaj\u0105 tego samego adresu rozliczeniowego lub wysy\u0142kowego. Zastrzegamy sobie prawo do ograniczenia lub zakazania zam\u00f3wie\u0144, kt\u00f3re w naszej wy\u0142\u0105cznej ocenie wydaj\u0105 si\u0119 by\u0107 z\u0142o\u017cone przez dealer\u00f3w, sprzedawc\u00f3w lub dystrybutor\u00f3w.<\/p>\n\n<p><\/p>\n","protected":false},"excerpt":{"rendered":"<p>Akceptujemy nast\u0119puj\u0105ce formy p\u0142atno\u015bci: got\u00f3wka (w naszej marce) , p\u0142atno\u015b\u0107 kart\u0105, przelew bankowy, p\u0142atno\u015b\u0107 Pay Pal; klarna. U\u017cytkownik zobowi\u0105zuje si\u0119 do podawania aktualnych, pe\u0142nych i dok\u0142adnych informacji o zakupie i koncie w przypadku wszystkich zakup\u00f3w dokonywanych za po\u015brednictwem Strony. U\u017cytkownik zobowi\u0105zuje si\u0119 r\u00f3wnie\u017c do niezw\u0142ocznego aktualizowania informacji dotycz\u0105cych konta i p\u0142atno\u015bci, w tym adresu e-mail,<a href=\"https:\/\/psb.wedev.pl\/pl\/platnosci\/\">Continue reading <span class=\"sr-only\">&#8222;P\u0142atno\u015bci&#8221;<\/span><\/a><\/p>\n","protected":false},"author":27,"featured_media":0,"parent":0,"menu_order":0,"comment_status":"closed","ping_status":"closed","template":"","meta":{"_acf_changed":false,"footnotes":""},"class_list":["post-23232","page","type-page","status-publish","hentry"],"acf":[],"yoast_head":"<!-- This site is optimized with the Yoast SEO plugin v25.5 - https:\/\/yoast.com\/wordpress\/plugins\/seo\/ -->\n<title>P\u0142atno\u015bci - PSBMr&oacute;wka.co.uk<\/title>\n<meta name=\"robots\" content=\"index, follow, max-snippet:-1, max-image-preview:large, max-video-preview:-1\" \/>\n<link rel=\"canonical\" href=\"https:\/\/psb.wedev.pl\/pl\/platnosci\/\" \/>\n<meta property=\"og:locale\" content=\"pl_PL\" \/>\n<meta property=\"og:type\" content=\"article\" \/>\n<meta property=\"og:title\" content=\"P\u0142atno\u015bci - PSBMr&oacute;wka.co.uk\" \/>\n<meta property=\"og:description\" content=\"Akceptujemy nast\u0119puj\u0105ce formy p\u0142atno\u015bci: got\u00f3wka (w naszej marce) , p\u0142atno\u015b\u0107 kart\u0105, przelew bankowy, p\u0142atno\u015b\u0107 Pay Pal; klarna. U\u017cytkownik zobowi\u0105zuje si\u0119 do podawania aktualnych, pe\u0142nych i dok\u0142adnych informacji o zakupie i koncie w przypadku wszystkich zakup\u00f3w dokonywanych za po\u015brednictwem Strony. U\u017cytkownik zobowi\u0105zuje si\u0119 r\u00f3wnie\u017c do niezw\u0142ocznego aktualizowania informacji dotycz\u0105cych konta i p\u0142atno\u015bci, w tym adresu e-mail,Continue reading &quot;P\u0142atno\u015bci&quot;\" \/>\n<meta property=\"og:url\" content=\"https:\/\/psb.wedev.pl\/pl\/platnosci\/\" \/>\n<meta property=\"og:site_name\" content=\"PSBMr&oacute;wka.co.uk\" \/>\n<meta property=\"article:modified_time\" content=\"2023-02-16T10:04:27+00:00\" \/>\n<meta name=\"twitter:card\" content=\"summary_large_image\" \/>\n<meta name=\"twitter:label1\" content=\"Szacowany czas czytania\" \/>\n\t<meta name=\"twitter:data1\" content=\"2 minuty\" \/>\n<script type=\"application\/ld+json\" class=\"yoast-schema-graph\">{\"@context\":\"https:\/\/schema.org\",\"@graph\":[{\"@type\":\"WebPage\",\"@id\":\"https:\/\/psb.wedev.pl\/pl\/platnosci\/\",\"url\":\"https:\/\/psb.wedev.pl\/pl\/platnosci\/\",\"name\":\"P\u0142atno\u015bci - PSBMr&oacute;wka.co.uk\",\"isPartOf\":{\"@id\":\"https:\/\/psb.wedev.pl\/pl\/#website\"},\"datePublished\":\"2023-01-04T18:06:06+00:00\",\"dateModified\":\"2023-02-16T10:04:27+00:00\",\"breadcrumb\":{\"@id\":\"https:\/\/psb.wedev.pl\/pl\/platnosci\/#breadcrumb\"},\"inLanguage\":\"pl-PL\",\"potentialAction\":[{\"@type\":\"ReadAction\",\"target\":[\"https:\/\/psb.wedev.pl\/pl\/platnosci\/\"]}]},{\"@type\":\"BreadcrumbList\",\"@id\":\"https:\/\/psb.wedev.pl\/pl\/platnosci\/#breadcrumb\",\"itemListElement\":[{\"@type\":\"ListItem\",\"position\":1,\"name\":\"Home\",\"item\":\"https:\/\/psb.wedev.pl\/pl\/\"},{\"@type\":\"ListItem\",\"position\":2,\"name\":\"P\u0142atno\u015bci\"}]},{\"@type\":\"WebSite\",\"@id\":\"https:\/\/psb.wedev.pl\/pl\/#website\",\"url\":\"https:\/\/psb.wedev.pl\/pl\/\",\"name\":\"PSBMr&oacute;wka.co.uk\",\"description\":\"Whatever you need for building, renovation and your garden, we've got it!!\",\"publisher\":{\"@id\":\"https:\/\/psb.wedev.pl\/pl\/#organization\"},\"potentialAction\":[{\"@type\":\"SearchAction\",\"target\":{\"@type\":\"EntryPoint\",\"urlTemplate\":\"https:\/\/psb.wedev.pl\/pl\/?s={search_term_string}\"},\"query-input\":{\"@type\":\"PropertyValueSpecification\",\"valueRequired\":true,\"valueName\":\"search_term_string\"}}],\"inLanguage\":\"pl-PL\"},{\"@type\":\"Organization\",\"@id\":\"https:\/\/psb.wedev.pl\/pl\/#organization\",\"name\":\"PSBMr&oacute;wka.co.uk\",\"url\":\"https:\/\/psb.wedev.pl\/pl\/\",\"logo\":{\"@type\":\"ImageObject\",\"inLanguage\":\"pl-PL\",\"@id\":\"https:\/\/psb.wedev.pl\/pl\/#\/schema\/logo\/image\/\",\"url\":\"https:\/\/psb.wedev.pl\/wp-content\/uploads\/2022\/12\/PSBMrowka-Logo.webp\",\"contentUrl\":\"https:\/\/psb.wedev.pl\/wp-content\/uploads\/2022\/12\/PSBMrowka-Logo.webp\",\"width\":306,\"height\":654,\"caption\":\"PSBMr&oacute;wka.co.uk\"},\"image\":{\"@id\":\"https:\/\/psb.wedev.pl\/pl\/#\/schema\/logo\/image\/\"}}]}<\/script>\n<!-- \/ Yoast SEO plugin. -->","yoast_head_json":{"title":"P\u0142atno\u015bci - PSBMr&oacute;wka.co.uk","robots":{"index":"index","follow":"follow","max-snippet":"max-snippet:-1","max-image-preview":"max-image-preview:large","max-video-preview":"max-video-preview:-1"},"canonical":"https:\/\/psb.wedev.pl\/pl\/platnosci\/","og_locale":"pl_PL","og_type":"article","og_title":"P\u0142atno\u015bci - PSBMr&oacute;wka.co.uk","og_description":"Akceptujemy nast\u0119puj\u0105ce formy p\u0142atno\u015bci: got\u00f3wka (w naszej marce) , p\u0142atno\u015b\u0107 kart\u0105, przelew bankowy, p\u0142atno\u015b\u0107 Pay Pal; klarna. U\u017cytkownik zobowi\u0105zuje si\u0119 do podawania aktualnych, pe\u0142nych i dok\u0142adnych informacji o zakupie i koncie w przypadku wszystkich zakup\u00f3w dokonywanych za po\u015brednictwem Strony. U\u017cytkownik zobowi\u0105zuje si\u0119 r\u00f3wnie\u017c do niezw\u0142ocznego aktualizowania informacji dotycz\u0105cych konta i p\u0142atno\u015bci, w tym adresu e-mail,Continue reading \"P\u0142atno\u015bci\"","og_url":"https:\/\/psb.wedev.pl\/pl\/platnosci\/","og_site_name":"PSBMr&oacute;wka.co.uk","article_modified_time":"2023-02-16T10:04:27+00:00","twitter_card":"summary_large_image","twitter_misc":{"Szacowany czas czytania":"2 minuty"},"schema":{"@context":"https:\/\/schema.org","@graph":[{"@type":"WebPage","@id":"https:\/\/psb.wedev.pl\/pl\/platnosci\/","url":"https:\/\/psb.wedev.pl\/pl\/platnosci\/","name":"P\u0142atno\u015bci - PSBMr&oacute;wka.co.uk","isPartOf":{"@id":"https:\/\/psb.wedev.pl\/pl\/#website"},"datePublished":"2023-01-04T18:06:06+00:00","dateModified":"2023-02-16T10:04:27+00:00","breadcrumb":{"@id":"https:\/\/psb.wedev.pl\/pl\/platnosci\/#breadcrumb"},"inLanguage":"pl-PL","potentialAction":[{"@type":"ReadAction","target":["https:\/\/psb.wedev.pl\/pl\/platnosci\/"]}]},{"@type":"BreadcrumbList","@id":"https:\/\/psb.wedev.pl\/pl\/platnosci\/#breadcrumb","itemListElement":[{"@type":"ListItem","position":1,"name":"Home","item":"https:\/\/psb.wedev.pl\/pl\/"},{"@type":"ListItem","position":2,"name":"P\u0142atno\u015bci"}]},{"@type":"WebSite","@id":"https:\/\/psb.wedev.pl\/pl\/#website","url":"https:\/\/psb.wedev.pl\/pl\/","name":"PSBMr&oacute;wka.co.uk","description":"Whatever you need for building, renovation and your garden, we've got it!!","publisher":{"@id":"https:\/\/psb.wedev.pl\/pl\/#organization"},"potentialAction":[{"@type":"SearchAction","target":{"@type":"EntryPoint","urlTemplate":"https:\/\/psb.wedev.pl\/pl\/?s={search_term_string}"},"query-input":{"@type":"PropertyValueSpecification","valueRequired":true,"valueName":"search_term_string"}}],"inLanguage":"pl-PL"},{"@type":"Organization","@id":"https:\/\/psb.wedev.pl\/pl\/#organization","name":"PSBMr&oacute;wka.co.uk","url":"https:\/\/psb.wedev.pl\/pl\/","logo":{"@type":"ImageObject","inLanguage":"pl-PL","@id":"https:\/\/psb.wedev.pl\/pl\/#\/schema\/logo\/image\/","url":"https:\/\/psb.wedev.pl\/wp-content\/uploads\/2022\/12\/PSBMrowka-Logo.webp","contentUrl":"https:\/\/psb.wedev.pl\/wp-content\/uploads\/2022\/12\/PSBMrowka-Logo.webp","width":306,"height":654,"caption":"PSBMr&oacute;wka.co.uk"},"image":{"@id":"https:\/\/psb.wedev.pl\/pl\/#\/schema\/logo\/image\/"}}]}},"_links":{"self":[{"href":"https:\/\/psb.wedev.pl\/pl\/wp-json\/wp\/v2\/pages\/23232","targetHints":{"allow":["GET"]}}],"collection":[{"href":"https:\/\/psb.wedev.pl\/pl\/wp-json\/wp\/v2\/pages"}],"about":[{"href":"https:\/\/psb.wedev.pl\/pl\/wp-json\/wp\/v2\/types\/page"}],"author":[{"embeddable":true,"href":"https:\/\/psb.wedev.pl\/pl\/wp-json\/wp\/v2\/users\/27"}],"replies":[{"embeddable":true,"href":"https:\/\/psb.wedev.pl\/pl\/wp-json\/wp\/v2\/comments?post=23232"}],"version-history":[{"count":2,"href":"https:\/\/psb.wedev.pl\/pl\/wp-json\/wp\/v2\/pages\/23232\/revisions"}],"predecessor-version":[{"id":23234,"href":"https:\/\/psb.wedev.pl\/pl\/wp-json\/wp\/v2\/pages\/23232\/revisions\/23234"}],"wp:attachment":[{"href":"https:\/\/psb.wedev.pl\/pl\/wp-json\/wp\/v2\/media?parent=23232"}],"curies":[{"name":"wp","href":"https:\/\/api.w.org\/{rel}","templated":true}]}}