{"id":23238,"date":"2022-12-18T21:15:45","date_gmt":"2022-12-18T21:15:45","guid":{"rendered":"https:\/\/psb.wedev.pl\/regulamin\/"},"modified":"2023-02-16T10:04:28","modified_gmt":"2023-02-16T10:04:28","slug":"regulamin","status":"publish","type":"page","link":"https:\/\/psb.wedev.pl\/pl\/regulamin\/","title":{"rendered":"Regulamin"},"content":{"rendered":"\n<p>Akceptuj\u0105c niniejsze Warunki Klient (&#8222;Pa\u0144stwo&#8221;) zawiera umow\u0119 (&#8222;Umowa&#8221;) z GT Prospect Ltd (&#8222;PSB Mrowka &#8222;) na dostaw\u0119 towar\u00f3w (&#8222;Towary&#8221;), o kt\u00f3rych mowa na naszej stronie internetowej pod adresem psbmrowka.co.uk, (&#8222;Strona&#8221;). Zamawiaj\u0105c kt\u00f3rykolwiek z naszych Towar\u00f3w, akceptuj\u0105 Pa\u0144stwo i zgadzaj\u0105 si\u0119 na przestrzeganie niniejszych Warunk\u00f3w handlowych.<br\/>Sk\u0142adaj\u0105c zam\u00f3wienie za po\u015brednictwem Strony, u\u017cytkownik gwarantuje nam, \u017ce:<br\/>&#8211; jeste\u015b prawnie zdolny do zawierania wi\u0105\u017c\u0105cych um\u00f3w;<br\/>&#8211; masz uko\u0144czone 18 lat<br\/><br\/><strong>P\u0142atno\u015b\u0107<\/strong><\/p>\n\n<ol class=\"wp-block-list\">\n<li>Je\u015bli zam\u00f3wienie zosta\u0142o z\u0142o\u017cone on-line, potwierdzimy cen\u0119 przed przyj\u0119ciem zam\u00f3wienia telefonicznie. P\u0142atno\u015b\u0107 przez telefon jest r\u00f3wnoznaczna z potwierdzeniem zam\u00f3wienia, a tym samym akceptacj\u0105 Regulaminu.<\/li>\n\n\n\n<li>Sporadycznie mo\u017ce wyst\u0105pi\u0107 b\u0142\u0105d i towary mog\u0105 by\u0107 nieprawid\u0142owo wycenione, w kt\u00f3rych to okoliczno\u015bciach nie b\u0119dziemy zobowi\u0105zani do dostarczenia towar\u00f3w po nieprawid\u0142owej cenie.<\/li>\n\n\n\n<li>Mimo, \u017ce staramy si\u0119 posiada\u0107 zapasy wszystkich sprzedawanych przez nas przedmiot\u00f3w (je\u015bli nie s\u0105 one wymienione inaczej, np. w opisie), nie mo\u017cna tego zagwarantowa\u0107, wi\u0119c potwierdzaj\u0105c otrzymanie zam\u00f3wienia nie tworzymy wi\u0105\u017c\u0105cej umowy na dostarczenie tego, co zam\u00f3wi\u0142e\u015b, a czego nie mamy w magazynie.<\/li>\n\n\n\n<li>Wszystkie produkty podlegaj\u0105 aktualizacjom i zmianom wprowadzanym przez producent\u00f3w.<\/li>\n\n\n\n<li>Towary s\u0105 przeznaczone do u\u017cytku w Wielkiej Brytanii i nie dajemy \u017cadnych gwarancji, \u017ce towary s\u0105 odpowiednie do u\u017cytku poza Wielk\u0105 Brytani\u0105 lub s\u0105 zgodne z prawem, przepisami lub standardami jakiejkolwiek jurysdykcji poza Wielk\u0105 Brytani\u0105.<\/li>\n\n\n\n<li>Podanie nam fikcyjnych danych (adres, nazwisko, dane bankowe itp.) mo\u017ce skutkowa\u0107 pe\u0142nym \u015bledztwem i ewentualnym oskar\u017ceniem.<\/li>\n\n\n\n<li>Przyjmujemy wy\u0142\u0105cznie p\u0142atno\u015bci dokonane kartami debetowymi, got\u00f3wk\u0105 lub przelewem bankowym.<br\/>Prywatno\u015b\u0107<br\/>Jeste\u015bmy zobowi\u0105zani przez prawo do zapewnienia, \u017ce podczas przetwarzania jakichkolwiek Twoich danych osobowych, \u017ce s\u0105 one:<br\/>&#8211; Wykorzystywane zgodnie z prawem, uczciwie i w spos\u00f3b przejrzysty.<br\/>&#8211; Zbierane tylko dla wa\u017cnych cel\u00f3w, kt\u00f3re zosta\u0142y przez nas jasno wyja\u015bnione.<br\/>&#8211; Dok\u0142adne i na bie\u017c\u0105co aktualizowane.<br\/>&#8211; Przechowywane w formie umo\u017cliwiaj\u0105cej identyfikacj\u0119 u\u017cytkownika tylko tak d\u0142ugo, jak jest to konieczne dla wa\u017cnych cel\u00f3w.<br\/>&#8211; Przechowywane w bezpiecznym miejscu.<br\/>W celu przetwarzania ofert i zapyta\u0144 o sprzeda\u017c otrzymujemy i przechowujemy nast\u0119puj\u0105ce informacje o Tobie:<br\/>&#8211; Twoje nazwisko, adres i dane kontaktowe, w tym adres e-mail i numer telefonu;<br\/>&#8211; Szczeg\u00f3\u0142y dotycz\u0105ce innych adres\u00f3w zwi\u0105zanych z Tob\u0105 lub Twoimi klientami, kt\u00f3re mog\u0105 by\u0107 wymagane do cel\u00f3w dostawy;<br\/>&#8211; Komunikacja mailowa dotycz\u0105ca zapyta\u0144 i sprzeda\u017cy. Mo\u017cesz zdecydowa\u0107 si\u0119 na niepodawanie pewnych informacji, ale mo\u017ce to ograniczy\u0107 dok\u0142adno\u015b\u0107 ofert lub uniemo\u017cliwi\u0107 pomy\u015bln\u0105 realizacj\u0119 sprzeda\u017cy.<br\/>B\u0119dziemy zbiera\u0107 te informacje:<br\/>&#8211; Z zapyta\u0144 ofertowych online lub subskrypcji newslettera poprzez nasz\u0105 stron\u0119 internetow\u0105: psbmrowka.co.uk<br\/>&#8211; Za po\u015brednictwem poczty elektronicznej;<br\/>&#8211; Przez telefon;<br\/>&#8211; Osobi\u015bcie.<br\/>Korzystamy r\u00f3wnie\u017c z Cookies strony internetowej, aby nasze systemy internetowe mog\u0142y rozpozna\u0107 Twoje urz\u0105dzenie i dostarczy\u0107 Ci funkcji.<br\/>PSB Mrowce Email Newsletter W ramach procesu rejestracji do naszego e-newslettera zbieramy dane osobowe w postaci adresu e-mail. Wykorzystujemy te informacje jedynie do wysy\u0142ania naszego e-newslettera i nie u\u017cywamy ich do \u017cadnych innych cel\u00f3w marketingowych. Nie wynajmujemy ani nie handlujemy listami e-mailowymi z innymi organizacjami i firmami. Do dostarczania naszego newslettera korzystamy z us\u0142ug zewn\u0119trznego dostawcy, firmy sendinblue. W przypadku nierozwi\u0105zanego sporu mi\u0119dzy sprzedaj\u0105cym a kupuj\u0105cym, je\u015bli jakie\u015b kwestie nie zosta\u0142y uj\u0119te w polisie, ustala je sprzedaj\u0105cy. Dokonuj\u0105c zakupu w naszym sklepie akceptujesz t\u0119 polityk\u0119. Sprzedawca ma prawo do zmiany Regulaminu. O zmianach U\u017cytkownicy zostan\u0105 poinformowani poprzez zamieszczenie informacji na stronie internetowej w zak\u0142adce Regulamin.<br\/>Nie wahaj si\u0119 skontaktowa\u0107 z nami, je\u015bli masz jakiekolwiek pytania<\/li>\n<\/ol>\n\n<p><strong>Og\u0142oszenia<\/strong><br\/>Komunikowanie si\u0119 z Pa\u0144stwem na pi\u015bmie<br\/>W pewnych okoliczno\u015bciach prawo wymaga, aby\u015bmy komunikowali si\u0119 z Pa\u0144stwem w formie pisemnej. Korzystaj\u0105c z Witryny, akceptujesz, \u017ce naszym g\u0142\u00f3wnym sposobem komunikacji z Tob\u0105 b\u0119dzie droga elektroniczna. B\u0119dziemy kontaktowa\u0107 si\u0119 z Tob\u0105 za po\u015brednictwem poczty elektronicznej lub przekazywa\u0107 Ci informacje poprzez zamieszczanie powiadomie\u0144 na Stronie. Dla cel\u00f3w umowy z nami, zgadzasz si\u0119 na nasz\u0105 komunikacj\u0119 z Tob\u0105 za pomoc\u0105 \u015brodk\u00f3w elektronicznych i potwierdzasz, \u017ce wszelkie umowy, zawiadomienia, informacje i inne komunikaty, kt\u00f3re dostarczamy Ci za pomoc\u0105 tych \u015brodk\u00f3w s\u0105 zgodne z wszelkimi wymogami prawnymi, \u017ce takie komunikaty s\u0105 w formie pisemnej. Pa\u0144stwa prawa ustawowe pozostaj\u0105 nienaruszone.<br\/>Wszelkie zawiadomienia, kt\u00f3re do nas wysy\u0142asz, musz\u0105 by\u0107 przekazane do PSB Mrowce na adres.<br\/>Prawo i jurysdykcja<br\/>Umowy dotycz\u0105ce zakupu Towar\u00f3w za po\u015brednictwem Strony b\u0119d\u0105 podlega\u0142y prawu angielskiemu. Wszelkie spory wynikaj\u0105ce z takich Um\u00f3w lub z nimi zwi\u0105zane (w tym spory lub roszczenia pozaumowne) podlegaj\u0105 wy\u0142\u0105cznej jurysdykcji s\u0105d\u00f3w Anglii i Walii.<\/p>\n","protected":false},"excerpt":{"rendered":"<p>Akceptuj\u0105c niniejsze Warunki Klient (&#8222;Pa\u0144stwo&#8221;) zawiera umow\u0119 (&#8222;Umowa&#8221;) z GT Prospect Ltd (&#8222;PSB Mrowka &#8222;) na dostaw\u0119 towar\u00f3w (&#8222;Towary&#8221;), o kt\u00f3rych mowa na naszej stronie internetowej pod adresem psbmrowka.co.uk, (&#8222;Strona&#8221;). Zamawiaj\u0105c kt\u00f3rykolwiek z naszych Towar\u00f3w, akceptuj\u0105 Pa\u0144stwo i zgadzaj\u0105 si\u0119 na przestrzeganie niniejszych Warunk\u00f3w handlowych.Sk\u0142adaj\u0105c zam\u00f3wienie za po\u015brednictwem Strony, u\u017cytkownik gwarantuje nam, \u017ce:&#8211; jeste\u015b prawnie<a href=\"https:\/\/psb.wedev.pl\/pl\/regulamin\/\">Continue reading <span class=\"sr-only\">&#8222;Regulamin&#8221;<\/span><\/a><\/p>\n","protected":false},"author":27,"featured_media":0,"parent":0,"menu_order":0,"comment_status":"closed","ping_status":"closed","template":"","meta":{"_acf_changed":false,"footnotes":""},"class_list":["post-23238","page","type-page","status-publish","hentry"],"acf":[],"yoast_head":"<!-- This site is optimized with the Yoast SEO plugin v25.5 - https:\/\/yoast.com\/wordpress\/plugins\/seo\/ -->\n<title>Regulamin - PSBMr&oacute;wka.co.uk<\/title>\n<meta name=\"robots\" content=\"index, follow, max-snippet:-1, max-image-preview:large, max-video-preview:-1\" \/>\n<link rel=\"canonical\" href=\"https:\/\/psb.wedev.pl\/pl\/regulamin\/\" \/>\n<meta property=\"og:locale\" content=\"pl_PL\" \/>\n<meta property=\"og:type\" content=\"article\" \/>\n<meta property=\"og:title\" content=\"Regulamin - PSBMr&oacute;wka.co.uk\" \/>\n<meta property=\"og:description\" content=\"Akceptuj\u0105c niniejsze Warunki Klient (&#8222;Pa\u0144stwo&#8221;) zawiera umow\u0119 (&#8222;Umowa&#8221;) z GT Prospect Ltd (&#8222;PSB Mrowka &#8222;) na dostaw\u0119 towar\u00f3w (&#8222;Towary&#8221;), o kt\u00f3rych mowa na naszej stronie internetowej pod adresem psbmrowka.co.uk, (&#8222;Strona&#8221;). Zamawiaj\u0105c kt\u00f3rykolwiek z naszych Towar\u00f3w, akceptuj\u0105 Pa\u0144stwo i zgadzaj\u0105 si\u0119 na przestrzeganie niniejszych Warunk\u00f3w handlowych.Sk\u0142adaj\u0105c zam\u00f3wienie za po\u015brednictwem Strony, u\u017cytkownik gwarantuje nam, \u017ce:&#8211; jeste\u015b prawnieContinue reading &quot;Regulamin&quot;\" \/>\n<meta property=\"og:url\" content=\"https:\/\/psb.wedev.pl\/pl\/regulamin\/\" \/>\n<meta property=\"og:site_name\" content=\"PSBMr&oacute;wka.co.uk\" \/>\n<meta property=\"article:modified_time\" content=\"2023-02-16T10:04:28+00:00\" \/>\n<meta name=\"twitter:card\" content=\"summary_large_image\" \/>\n<meta name=\"twitter:label1\" content=\"Szacowany czas czytania\" \/>\n\t<meta name=\"twitter:data1\" content=\"4 minuty\" \/>\n<script type=\"application\/ld+json\" class=\"yoast-schema-graph\">{\"@context\":\"https:\/\/schema.org\",\"@graph\":[{\"@type\":\"WebPage\",\"@id\":\"https:\/\/psb.wedev.pl\/pl\/regulamin\/\",\"url\":\"https:\/\/psb.wedev.pl\/pl\/regulamin\/\",\"name\":\"Regulamin - PSBMr&oacute;wka.co.uk\",\"isPartOf\":{\"@id\":\"https:\/\/psb.wedev.pl\/pl\/#website\"},\"datePublished\":\"2022-12-18T21:15:45+00:00\",\"dateModified\":\"2023-02-16T10:04:28+00:00\",\"breadcrumb\":{\"@id\":\"https:\/\/psb.wedev.pl\/pl\/regulamin\/#breadcrumb\"},\"inLanguage\":\"pl-PL\",\"potentialAction\":[{\"@type\":\"ReadAction\",\"target\":[\"https:\/\/psb.wedev.pl\/pl\/regulamin\/\"]}]},{\"@type\":\"BreadcrumbList\",\"@id\":\"https:\/\/psb.wedev.pl\/pl\/regulamin\/#breadcrumb\",\"itemListElement\":[{\"@type\":\"ListItem\",\"position\":1,\"name\":\"Home\",\"item\":\"https:\/\/psb.wedev.pl\/pl\/\"},{\"@type\":\"ListItem\",\"position\":2,\"name\":\"Regulamin\"}]},{\"@type\":\"WebSite\",\"@id\":\"https:\/\/psb.wedev.pl\/pl\/#website\",\"url\":\"https:\/\/psb.wedev.pl\/pl\/\",\"name\":\"PSBMr&oacute;wka.co.uk\",\"description\":\"Whatever you need for building, renovation and your garden, we've got it!!\",\"publisher\":{\"@id\":\"https:\/\/psb.wedev.pl\/pl\/#organization\"},\"potentialAction\":[{\"@type\":\"SearchAction\",\"target\":{\"@type\":\"EntryPoint\",\"urlTemplate\":\"https:\/\/psb.wedev.pl\/pl\/?s={search_term_string}\"},\"query-input\":{\"@type\":\"PropertyValueSpecification\",\"valueRequired\":true,\"valueName\":\"search_term_string\"}}],\"inLanguage\":\"pl-PL\"},{\"@type\":\"Organization\",\"@id\":\"https:\/\/psb.wedev.pl\/pl\/#organization\",\"name\":\"PSBMr&oacute;wka.co.uk\",\"url\":\"https:\/\/psb.wedev.pl\/pl\/\",\"logo\":{\"@type\":\"ImageObject\",\"inLanguage\":\"pl-PL\",\"@id\":\"https:\/\/psb.wedev.pl\/pl\/#\/schema\/logo\/image\/\",\"url\":\"https:\/\/psb.wedev.pl\/wp-content\/uploads\/2022\/12\/PSBMrowka-Logo.webp\",\"contentUrl\":\"https:\/\/psb.wedev.pl\/wp-content\/uploads\/2022\/12\/PSBMrowka-Logo.webp\",\"width\":306,\"height\":654,\"caption\":\"PSBMr&oacute;wka.co.uk\"},\"image\":{\"@id\":\"https:\/\/psb.wedev.pl\/pl\/#\/schema\/logo\/image\/\"}}]}<\/script>\n<!-- \/ Yoast SEO plugin. -->","yoast_head_json":{"title":"Regulamin - PSBMr&oacute;wka.co.uk","robots":{"index":"index","follow":"follow","max-snippet":"max-snippet:-1","max-image-preview":"max-image-preview:large","max-video-preview":"max-video-preview:-1"},"canonical":"https:\/\/psb.wedev.pl\/pl\/regulamin\/","og_locale":"pl_PL","og_type":"article","og_title":"Regulamin - PSBMr&oacute;wka.co.uk","og_description":"Akceptuj\u0105c niniejsze Warunki Klient (&#8222;Pa\u0144stwo&#8221;) zawiera umow\u0119 (&#8222;Umowa&#8221;) z GT Prospect Ltd (&#8222;PSB Mrowka &#8222;) na dostaw\u0119 towar\u00f3w (&#8222;Towary&#8221;), o kt\u00f3rych mowa na naszej stronie internetowej pod adresem psbmrowka.co.uk, (&#8222;Strona&#8221;). Zamawiaj\u0105c kt\u00f3rykolwiek z naszych Towar\u00f3w, akceptuj\u0105 Pa\u0144stwo i zgadzaj\u0105 si\u0119 na przestrzeganie niniejszych Warunk\u00f3w handlowych.Sk\u0142adaj\u0105c zam\u00f3wienie za po\u015brednictwem Strony, u\u017cytkownik gwarantuje nam, \u017ce:&#8211; jeste\u015b prawnieContinue reading \"Regulamin\"","og_url":"https:\/\/psb.wedev.pl\/pl\/regulamin\/","og_site_name":"PSBMr&oacute;wka.co.uk","article_modified_time":"2023-02-16T10:04:28+00:00","twitter_card":"summary_large_image","twitter_misc":{"Szacowany czas czytania":"4 minuty"},"schema":{"@context":"https:\/\/schema.org","@graph":[{"@type":"WebPage","@id":"https:\/\/psb.wedev.pl\/pl\/regulamin\/","url":"https:\/\/psb.wedev.pl\/pl\/regulamin\/","name":"Regulamin - PSBMr&oacute;wka.co.uk","isPartOf":{"@id":"https:\/\/psb.wedev.pl\/pl\/#website"},"datePublished":"2022-12-18T21:15:45+00:00","dateModified":"2023-02-16T10:04:28+00:00","breadcrumb":{"@id":"https:\/\/psb.wedev.pl\/pl\/regulamin\/#breadcrumb"},"inLanguage":"pl-PL","potentialAction":[{"@type":"ReadAction","target":["https:\/\/psb.wedev.pl\/pl\/regulamin\/"]}]},{"@type":"BreadcrumbList","@id":"https:\/\/psb.wedev.pl\/pl\/regulamin\/#breadcrumb","itemListElement":[{"@type":"ListItem","position":1,"name":"Home","item":"https:\/\/psb.wedev.pl\/pl\/"},{"@type":"ListItem","position":2,"name":"Regulamin"}]},{"@type":"WebSite","@id":"https:\/\/psb.wedev.pl\/pl\/#website","url":"https:\/\/psb.wedev.pl\/pl\/","name":"PSBMr&oacute;wka.co.uk","description":"Whatever you need for building, renovation and your garden, we've got it!!","publisher":{"@id":"https:\/\/psb.wedev.pl\/pl\/#organization"},"potentialAction":[{"@type":"SearchAction","target":{"@type":"EntryPoint","urlTemplate":"https:\/\/psb.wedev.pl\/pl\/?s={search_term_string}"},"query-input":{"@type":"PropertyValueSpecification","valueRequired":true,"valueName":"search_term_string"}}],"inLanguage":"pl-PL"},{"@type":"Organization","@id":"https:\/\/psb.wedev.pl\/pl\/#organization","name":"PSBMr&oacute;wka.co.uk","url":"https:\/\/psb.wedev.pl\/pl\/","logo":{"@type":"ImageObject","inLanguage":"pl-PL","@id":"https:\/\/psb.wedev.pl\/pl\/#\/schema\/logo\/image\/","url":"https:\/\/psb.wedev.pl\/wp-content\/uploads\/2022\/12\/PSBMrowka-Logo.webp","contentUrl":"https:\/\/psb.wedev.pl\/wp-content\/uploads\/2022\/12\/PSBMrowka-Logo.webp","width":306,"height":654,"caption":"PSBMr&oacute;wka.co.uk"},"image":{"@id":"https:\/\/psb.wedev.pl\/pl\/#\/schema\/logo\/image\/"}}]}},"_links":{"self":[{"href":"https:\/\/psb.wedev.pl\/pl\/wp-json\/wp\/v2\/pages\/23238","targetHints":{"allow":["GET"]}}],"collection":[{"href":"https:\/\/psb.wedev.pl\/pl\/wp-json\/wp\/v2\/pages"}],"about":[{"href":"https:\/\/psb.wedev.pl\/pl\/wp-json\/wp\/v2\/types\/page"}],"author":[{"embeddable":true,"href":"https:\/\/psb.wedev.pl\/pl\/wp-json\/wp\/v2\/users\/27"}],"replies":[{"embeddable":true,"href":"https:\/\/psb.wedev.pl\/pl\/wp-json\/wp\/v2\/comments?post=23238"}],"version-history":[{"count":2,"href":"https:\/\/psb.wedev.pl\/pl\/wp-json\/wp\/v2\/pages\/23238\/revisions"}],"predecessor-version":[{"id":23240,"href":"https:\/\/psb.wedev.pl\/pl\/wp-json\/wp\/v2\/pages\/23238\/revisions\/23240"}],"wp:attachment":[{"href":"https:\/\/psb.wedev.pl\/pl\/wp-json\/wp\/v2\/media?parent=23238"}],"curies":[{"name":"wp","href":"https:\/\/api.w.org\/{rel}","templated":true}]}}